{"id":1889,"date":"2024-06-12T06:16:00","date_gmt":"2024-06-12T06:16:00","guid":{"rendered":"https:\/\/opg-haraci.hr\/?page_id=1889"},"modified":"2024-06-19T09:15:42","modified_gmt":"2024-06-19T09:15:42","slug":"dostava","status":"publish","type":"page","link":"https:\/\/opg-haraci.hr\/?page_id=1889","title":{"rendered":"Dostava"},"content":{"rendered":"\t\t<div data-elementor-type=\"wp-page\" data-elementor-id=\"1889\" class=\"elementor elementor-1889\">\n\t\t\t\t<div class=\"elementor-element elementor-element-ff4e95b e-flex e-con-boxed e-con e-parent\" data-id=\"ff4e95b\" data-element_type=\"container\">\n\t\t\t\t\t<div class=\"e-con-inner\">\n\t\t\t\t<div class=\"elementor-element elementor-element-a7019ba elementor-widget elementor-widget-heading\" data-id=\"a7019ba\" data-element_type=\"widget\" data-widget_type=\"heading.default\">\n\t\t\t\t<div class=\"elementor-widget-container\">\n\t\t\t\t\t<h2 class=\"elementor-heading-title elementor-size-default\">Dostava<\/h2>\t\t\t\t<\/div>\n\t\t\t\t<\/div>\n\t\t\t\t<div class=\"elementor-element elementor-element-dd5e02f elementor-widget elementor-widget-text-editor\" data-id=\"dd5e02f\" data-element_type=\"widget\" data-widget_type=\"text-editor.default\">\n\t\t\t\t<div class=\"elementor-widget-container\">\n\t\t\t\t\t\t\t\t\t<p>Na OPG Hara\u010di, trudimo se osigurati da va\u0161i proizvodi stignu do vas brzo i sigurno. Dostavu vr\u0161imo putem pouzdanih dostavnih slu\u017ebi kako bismo osigurali kvalitetu i svje\u017einu na\u0161ih proizvoda.<\/p><h4>Dostavna slu\u017eba<\/h4><p>Sura\u0111ujemo s renomiranim dostavnim slu\u017ebama koje jam\u010de brzu i sigurnu dostavu. Nakon \u0161to zaprimimo va\u0161u narud\u017ebu i izvr\u0161imo njezinu obradu, va\u0161i proizvodi bit \u0107e poslani na va\u0161u adresu u roku od 3-5 radnih dana.<\/p><h4>Cijena dostave<\/h4><p>Cijena dostave ovisi o te\u017eini i volumenu narud\u017ebe te odabranoj dostavnoj slu\u017ebi. Kona\u010dni iznos dostave bit \u0107e jasno prikazan prilikom zavr\u0161etka narud\u017ebe. Za narud\u017ebe iznad odre\u0111enog iznosa, nudimo besplatnu dostavu, o \u010demu \u0107ete biti obavije\u0161teni prilikom kupnje.<\/p><h4>Pra\u0107enje narud\u017ebe<\/h4><p>Nakon \u0161to va\u0161a narud\u017eba bude poslana, dobit \u0107ete email s brojem za pra\u0107enje putem kojeg mo\u017eete pratiti status svoje po\u0161iljke. Ukoliko imate bilo kakva pitanja u vezi dostave, slobodno nas kontaktirajte putem kontakt obrasca na na\u0161oj web stranici ili direktno na na\u0161u email adresu.<\/p>\t\t\t\t\t\t\t\t<\/div>\n\t\t\t\t<\/div>\n\t\t\t\t\t<\/div>\n\t\t\t\t<\/div>\n\t\t\t\t<\/div>\n\t\t","protected":false},"excerpt":{"rendered":"<p>Dostava Na OPG Hara\u010di, trudimo se osigurati da va\u0161i proizvodi stignu do vas brzo i sigurno. Dostavu vr\u0161imo putem pouzdanih dostavnih slu\u017ebi kako bismo osigurali kvalitetu i svje\u017einu na\u0161ih proizvoda. Dostavna slu\u017eba Sura\u0111ujemo s renomiranim dostavnim slu\u017ebama koje jam\u010de brzu i sigurnu dostavu. Nakon \u0161to zaprimimo va\u0161u narud\u017ebu i izvr\u0161imo njezinu obradu, va\u0161i proizvodi bit [&hellip;]<\/p>\n","protected":false},"author":1,"featured_media":0,"parent":0,"menu_order":0,"comment_status":"closed","ping_status":"closed","template":"","meta":{"site-sidebar-layout":"no-sidebar","site-content-layout":"page-builder","ast-site-content-layout":"full-width-container","site-content-style":"default","site-sidebar-style":"default","ast-global-header-display":"","ast-banner-title-visibility":"","ast-main-header-display":"","ast-hfb-above-header-display":"","ast-hfb-below-header-display":"","ast-hfb-mobile-header-display":"","site-post-title":"disabled","ast-breadcrumbs-content":"","ast-featured-img":"disabled","footer-sml-layout":"","ast-disable-related-posts":"","theme-transparent-header-meta":"","adv-header-id-meta":"","stick-header-meta":"","header-above-stick-meta":"","header-main-stick-meta":"","header-below-stick-meta":"","astra-migrate-meta-layouts":"set","ast-page-background-enabled":"default","ast-page-background-meta":{"desktop":{"background-color":"","background-image":"","background-repeat":"repeat","background-position":"center center","background-size":"auto","background-attachment":"scroll","background-type":"","background-media":"","overlay-type":"","overlay-color":"","overlay-opacity":"","overlay-gradient":""},"tablet":{"background-color":"","background-image":"","background-repeat":"repeat","background-position":"center center","background-size":"auto","background-attachment":"scroll","background-type":"","background-media":"","overlay-type":"","overlay-color":"","overlay-opacity":"","overlay-gradient":""},"mobile":{"background-color":"","background-image":"","background-repeat":"repeat","background-position":"center center","background-size":"auto","background-attachment":"scroll","background-type":"","background-media":"","overlay-type":"","overlay-color":"","overlay-opacity":"","overlay-gradient":""}},"ast-content-background-meta":{"desktop":{"background-color":"var(--ast-global-color-5)","background-image":"","background-repeat":"repeat","background-position":"center center","background-size":"auto","background-attachment":"scroll","background-type":"","background-media":"","overlay-type":"","overlay-color":"","overlay-opacity":"","overlay-gradient":""},"tablet":{"background-color":"var(--ast-global-color-5)","background-image":"","background-repeat":"repeat","background-position":"center center","background-size":"auto","background-attachment":"scroll","background-type":"","background-media":"","overlay-type":"","overlay-color":"","overlay-opacity":"","overlay-gradient":""},"mobile":{"background-color":"var(--ast-global-color-5)","background-image":"","background-repeat":"repeat","background-position":"center center","background-size":"auto","background-attachment":"scroll","background-type":"","background-media":"","overlay-type":"","overlay-color":"","overlay-opacity":"","overlay-gradient":""}},"footnotes":""},"class_list":["post-1889","page","type-page","status-publish","hentry"],"_links":{"self":[{"href":"https:\/\/opg-haraci.hr\/index.php?rest_route=\/wp\/v2\/pages\/1889","targetHints":{"allow":["GET"]}}],"collection":[{"href":"https:\/\/opg-haraci.hr\/index.php?rest_route=\/wp\/v2\/pages"}],"about":[{"href":"https:\/\/opg-haraci.hr\/index.php?rest_route=\/wp\/v2\/types\/page"}],"author":[{"embeddable":true,"href":"https:\/\/opg-haraci.hr\/index.php?rest_route=\/wp\/v2\/users\/1"}],"replies":[{"embeddable":true,"href":"https:\/\/opg-haraci.hr\/index.php?rest_route=%2Fwp%2Fv2%2Fcomments&post=1889"}],"version-history":[{"count":7,"href":"https:\/\/opg-haraci.hr\/index.php?rest_route=\/wp\/v2\/pages\/1889\/revisions"}],"predecessor-version":[{"id":2138,"href":"https:\/\/opg-haraci.hr\/index.php?rest_route=\/wp\/v2\/pages\/1889\/revisions\/2138"}],"wp:attachment":[{"href":"https:\/\/opg-haraci.hr\/index.php?rest_route=%2Fwp%2Fv2%2Fmedia&parent=1889"}],"curies":[{"name":"wp","href":"https:\/\/api.w.org\/{rel}","templated":true}]}}