{"id":1957,"date":"2024-06-12T08:13:15","date_gmt":"2024-06-12T08:13:15","guid":{"rendered":"https:\/\/opg-haraci.hr\/?page_id=1957"},"modified":"2024-06-19T12:06:34","modified_gmt":"2024-06-19T12:06:34","slug":"brasno","status":"publish","type":"page","link":"https:\/\/opg-haraci.hr\/?page_id=1957","title":{"rendered":"Bra\u0161no"},"content":{"rendered":"\t\t<div data-elementor-type=\"wp-page\" data-elementor-id=\"1957\" class=\"elementor elementor-1957\">\n\t\t\t\t<div class=\"elementor-element elementor-element-ae568a3 e-con-full elementor-hidden-mobile e-flex e-con e-parent\" data-id=\"ae568a3\" data-element_type=\"container\">\n\t\t\t\t<div class=\"elementor-element elementor-element-0ab249a elementor-widget elementor-widget-image\" data-id=\"0ab249a\" data-element_type=\"widget\" data-widget_type=\"image.default\">\n\t\t\t\t<div class=\"elementor-widget-container\">\n\t\t\t\t\t\t\t\t\t\t\t\t\t\t\t<img fetchpriority=\"high\" decoding=\"async\" width=\"1920\" height=\"800\" src=\"https:\/\/opg-haraci.hr\/wp-content\/uploads\/2024\/06\/18-1.jpg\" class=\"attachment-full size-full wp-image-2113\" alt=\"\" srcset=\"https:\/\/opg-haraci.hr\/wp-content\/uploads\/2024\/06\/18-1.jpg 1920w, https:\/\/opg-haraci.hr\/wp-content\/uploads\/2024\/06\/18-1-300x125.jpg 300w, https:\/\/opg-haraci.hr\/wp-content\/uploads\/2024\/06\/18-1-1024x427.jpg 1024w, https:\/\/opg-haraci.hr\/wp-content\/uploads\/2024\/06\/18-1-768x320.jpg 768w, https:\/\/opg-haraci.hr\/wp-content\/uploads\/2024\/06\/18-1-1536x640.jpg 1536w, https:\/\/opg-haraci.hr\/wp-content\/uploads\/2024\/06\/18-1-600x250.jpg 600w\" sizes=\"(max-width: 1920px) 100vw, 1920px\" \/>\t\t\t\t\t\t\t\t\t\t\t\t\t\t\t<\/div>\n\t\t\t\t<\/div>\n\t\t\t\t<\/div>\n\t\t<div class=\"elementor-element elementor-element-b5cd167 elementor-hidden-desktop elementor-hidden-tablet e-flex e-con-boxed e-con e-parent\" data-id=\"b5cd167\" data-element_type=\"container\" data-settings=\"{&quot;background_background&quot;:&quot;classic&quot;}\">\n\t\t\t\t\t<div class=\"e-con-inner\">\n\t\t\t\t\t<\/div>\n\t\t\t\t<\/div>\n\t\t<div class=\"elementor-element elementor-element-a6b3255 e-flex e-con-boxed e-con e-parent\" data-id=\"a6b3255\" data-element_type=\"container\">\n\t\t\t\t\t<div class=\"e-con-inner\">\n\t\t\t\t<div class=\"elementor-element elementor-element-0e858a9 elementor-widget elementor-widget-heading\" data-id=\"0e858a9\" data-element_type=\"widget\" data-widget_type=\"heading.default\">\n\t\t\t\t<div class=\"elementor-widget-container\">\n\t\t\t\t\t<h2 class=\"elementor-heading-title elementor-size-default\">Bu\u010dino bra\u0161no OPG-a Hara\u010di, proizvedeno od najkvalitetnijih bu\u010dinih ko\u0161tica iz Podravine, nutritivno je bogat dodatak va\u0161im jelima. <\/h2>\t\t\t\t<\/div>\n\t\t\t\t<\/div>\n\t\t\t\t<div class=\"elementor-element elementor-element-7f2fbec elementor-widget elementor-widget-text-editor\" data-id=\"7f2fbec\" data-element_type=\"widget\" data-widget_type=\"text-editor.default\">\n\t\t\t\t<div class=\"elementor-widget-container\">\n\t\t\t\t\t\t\t\t\t<p>Ovo bra\u0161no je odli\u010dan izvor proteina, vlakana i esencijalnih masnih kiselina, \u0161to ga \u010dini idealnim za zdravu prehranu. Njegov blag, ora\u0161asti okus savr\u0161eno se uklapa u razne recepte, od peciva i kola\u010da do smoothieja i juha. OPG Hara\u010di posve\u0107en je kvaliteti i tradicionalnoj proizvodnji, osiguravaju\u0107i da svako pakiranje na\u0161eg bu\u010dinog bra\u0161na bude najvi\u0161e nutritivne vrijednosti.<\/p>\t\t\t\t\t\t\t\t<\/div>\n\t\t\t\t<\/div>\n\t\t\t\t\t<\/div>\n\t\t\t\t<\/div>\n\t\t<div class=\"elementor-element elementor-element-f485d21 e-flex e-con-boxed e-con e-parent\" data-id=\"f485d21\" data-element_type=\"container\">\n\t\t\t\t\t<div class=\"e-con-inner\">\n\t\t<div class=\"elementor-element elementor-element-37d45a1 e-con-full e-flex e-con e-child\" data-id=\"37d45a1\" data-element_type=\"container\">\n\t\t\t\t<\/div>\n\t\t<div class=\"elementor-element elementor-element-50d4952 e-con-full e-flex e-con e-child\" data-id=\"50d4952\" data-element_type=\"container\">\n\t\t\t\t<div class=\"elementor-element elementor-element-56c2ba6 elementor-widget elementor-widget-image\" data-id=\"56c2ba6\" data-element_type=\"widget\" data-widget_type=\"image.default\">\n\t\t\t\t<div class=\"elementor-widget-container\">\n\t\t\t\t\t\t\t\t\t\t\t\t\t\t\t<img decoding=\"async\" width=\"500\" height=\"500\" src=\"https:\/\/opg-haraci.hr\/wp-content\/uploads\/2024\/06\/prirodno.png\" class=\"attachment-large size-large wp-image-1999\" alt=\"\" srcset=\"https:\/\/opg-haraci.hr\/wp-content\/uploads\/2024\/06\/prirodno.png 500w, https:\/\/opg-haraci.hr\/wp-content\/uploads\/2024\/06\/prirodno-300x300.png 300w, https:\/\/opg-haraci.hr\/wp-content\/uploads\/2024\/06\/prirodno-150x150.png 150w, https:\/\/opg-haraci.hr\/wp-content\/uploads\/2024\/06\/prirodno-100x100.png 100w\" sizes=\"(max-width: 500px) 100vw, 500px\" \/>\t\t\t\t\t\t\t\t\t\t\t\t\t\t\t<\/div>\n\t\t\t\t<\/div>\n\t\t\t\t<div class=\"elementor-element elementor-element-efa457d elementor-widget elementor-widget-heading\" data-id=\"efa457d\" data-element_type=\"widget\" data-widget_type=\"heading.default\">\n\t\t\t\t<div class=\"elementor-widget-container\">\n\t\t\t\t\t<h2 class=\"elementor-heading-title elementor-size-default\">PRIRODNI<\/h2>\t\t\t\t<\/div>\n\t\t\t\t<\/div>\n\t\t\t\t<div class=\"elementor-element elementor-element-f2c5c89 elementor-widget elementor-widget-heading\" data-id=\"f2c5c89\" data-element_type=\"widget\" data-widget_type=\"heading.default\">\n\t\t\t\t<div class=\"elementor-widget-container\">\n\t\t\t\t\t<h2 class=\"elementor-heading-title elementor-size-default\">proizvodi<\/h2>\t\t\t\t<\/div>\n\t\t\t\t<\/div>\n\t\t\t\t<\/div>\n\t\t<div class=\"elementor-element elementor-element-6867d8e e-con-full e-flex e-con e-child\" data-id=\"6867d8e\" data-element_type=\"container\">\n\t\t\t\t<div class=\"elementor-element elementor-element-063d9b3 elementor-widget elementor-widget-image\" data-id=\"063d9b3\" data-element_type=\"widget\" data-widget_type=\"image.default\">\n\t\t\t\t<div class=\"elementor-widget-container\">\n\t\t\t\t\t\t\t\t\t\t\t\t\t\t\t<img decoding=\"async\" width=\"500\" height=\"500\" src=\"https:\/\/opg-haraci.hr\/wp-content\/uploads\/2024\/06\/domace.png\" class=\"attachment-large size-large wp-image-1998\" alt=\"\" srcset=\"https:\/\/opg-haraci.hr\/wp-content\/uploads\/2024\/06\/domace.png 500w, https:\/\/opg-haraci.hr\/wp-content\/uploads\/2024\/06\/domace-300x300.png 300w, https:\/\/opg-haraci.hr\/wp-content\/uploads\/2024\/06\/domace-150x150.png 150w, https:\/\/opg-haraci.hr\/wp-content\/uploads\/2024\/06\/domace-100x100.png 100w\" sizes=\"(max-width: 500px) 100vw, 500px\" \/>\t\t\t\t\t\t\t\t\t\t\t\t\t\t\t<\/div>\n\t\t\t\t<\/div>\n\t\t\t\t<div class=\"elementor-element elementor-element-c440b75 elementor-widget elementor-widget-heading\" data-id=\"c440b75\" data-element_type=\"widget\" data-widget_type=\"heading.default\">\n\t\t\t\t<div class=\"elementor-widget-container\">\n\t\t\t\t\t<h2 class=\"elementor-heading-title elementor-size-default\">DOMA\u0106I<\/h2>\t\t\t\t<\/div>\n\t\t\t\t<\/div>\n\t\t\t\t<div class=\"elementor-element elementor-element-838a068 elementor-widget elementor-widget-heading\" data-id=\"838a068\" data-element_type=\"widget\" data-widget_type=\"heading.default\">\n\t\t\t\t<div class=\"elementor-widget-container\">\n\t\t\t\t\t<h2 class=\"elementor-heading-title elementor-size-default\">proizvodi<\/h2>\t\t\t\t<\/div>\n\t\t\t\t<\/div>\n\t\t\t\t<\/div>\n\t\t<div class=\"elementor-element elementor-element-4dafde1 e-con-full e-flex e-con e-child\" data-id=\"4dafde1\" data-element_type=\"container\">\n\t\t\t\t<\/div>\n\t\t\t\t\t<\/div>\n\t\t\t\t<\/div>\n\t\t<div class=\"elementor-element elementor-element-33f0cf1 e-flex e-con-boxed e-con e-parent\" data-id=\"33f0cf1\" data-element_type=\"container\">\n\t\t\t\t\t<div class=\"e-con-inner\">\n\t\t\t\t<div class=\"elementor-element elementor-element-4df28f1 elementor-widget elementor-widget-shortcode\" data-id=\"4df28f1\" data-element_type=\"widget\" data-widget_type=\"shortcode.default\">\n\t\t\t\t<div class=\"elementor-widget-container\">\n\t\t\t\t\t\t\t<div class=\"elementor-shortcode\"><div class=\"woocommerce columns-4 \"><ul class=\"products columns-4\">\n<li class=\"desktop-align-left tablet-align-left mobile-align-left product type-product post-1832 status-publish first instock product_cat-brasno has-post-thumbnail taxable shipping-taxable purchasable product-type-simple\">\n\t<a href=\"https:\/\/opg-haraci.hr\/?product=bucino-brasno-1-kg\" class=\"woocommerce-LoopProduct-link woocommerce-loop-product__link\"><img loading=\"lazy\" decoding=\"async\" width=\"300\" height=\"300\" src=\"https:\/\/opg-haraci.hr\/wp-content\/uploads\/2024\/06\/1-1-300x300.jpg\" class=\"attachment-woocommerce_thumbnail size-woocommerce_thumbnail\" alt=\"Bu\u010dino bra\u0161no 1 kg\" srcset=\"https:\/\/opg-haraci.hr\/wp-content\/uploads\/2024\/06\/1-1-300x300.jpg 300w, https:\/\/opg-haraci.hr\/wp-content\/uploads\/2024\/06\/1-1-150x150.jpg 150w, https:\/\/opg-haraci.hr\/wp-content\/uploads\/2024\/06\/1-1-768x768.jpg 768w, https:\/\/opg-haraci.hr\/wp-content\/uploads\/2024\/06\/1-1-600x600.jpg 600w, https:\/\/opg-haraci.hr\/wp-content\/uploads\/2024\/06\/1-1-100x100.jpg 100w, https:\/\/opg-haraci.hr\/wp-content\/uploads\/2024\/06\/1-1.jpg 1000w\" sizes=\"(max-width: 300px) 100vw, 300px\" \/><h2 class=\"woocommerce-loop-product__title\">Bu\u010dino bra\u0161no 1 kg<\/h2>\n\t<span class=\"price\"><span class=\"woocommerce-Price-amount amount\"><bdi>4,20&nbsp;<span class=\"woocommerce-Price-currencySymbol\">&euro;<\/span><\/bdi><\/span><\/span>\n<\/a><a href=\"\/index.php?rest_route=%2Fwp%2Fv2%2Fpages%2F1957&#038;add-to-cart=1832\" aria-describedby=\"woocommerce_loop_add_to_cart_link_describedby_1832\" data-quantity=\"1\" class=\"button product_type_simple add_to_cart_button ajax_add_to_cart\" data-product_id=\"1832\" data-product_sku=\"\" aria-label=\"Dodaj u ko\u0161aricu: &quot;Bu\u010dino bra\u0161no 1 kg&quot;\" rel=\"nofollow\" data-success_message=\"&quot;Bu\u010dino bra\u0161no 1 kg&quot; je dodan u va\u0161u ko\u0161aricu\" role=\"button\">Dodaj u ko\u0161aricu<\/a>\t<span id=\"woocommerce_loop_add_to_cart_link_describedby_1832\" class=\"screen-reader-text\">\n\t\t\t<\/span>\n<\/li>\n<li class=\"desktop-align-left tablet-align-left mobile-align-left product type-product post-1834 status-publish instock product_cat-brasno has-post-thumbnail taxable shipping-taxable purchasable product-type-simple\">\n\t<a href=\"https:\/\/opg-haraci.hr\/?product=heljdino-brasno-1-kg\" class=\"woocommerce-LoopProduct-link woocommerce-loop-product__link\"><img loading=\"lazy\" decoding=\"async\" width=\"300\" height=\"300\" src=\"https:\/\/opg-haraci.hr\/wp-content\/uploads\/2024\/06\/2-1-300x300.jpg\" class=\"attachment-woocommerce_thumbnail size-woocommerce_thumbnail\" alt=\"Heljdino bra\u0161no 1 kg\" srcset=\"https:\/\/opg-haraci.hr\/wp-content\/uploads\/2024\/06\/2-1-300x300.jpg 300w, https:\/\/opg-haraci.hr\/wp-content\/uploads\/2024\/06\/2-1-150x150.jpg 150w, https:\/\/opg-haraci.hr\/wp-content\/uploads\/2024\/06\/2-1-768x768.jpg 768w, https:\/\/opg-haraci.hr\/wp-content\/uploads\/2024\/06\/2-1-600x600.jpg 600w, https:\/\/opg-haraci.hr\/wp-content\/uploads\/2024\/06\/2-1-100x100.jpg 100w, https:\/\/opg-haraci.hr\/wp-content\/uploads\/2024\/06\/2-1.jpg 1000w\" sizes=\"(max-width: 300px) 100vw, 300px\" \/><h2 class=\"woocommerce-loop-product__title\">Heljdino bra\u0161no 1 kg<\/h2>\n\t<span class=\"price\"><span class=\"woocommerce-Price-amount amount\"><bdi>4,20&nbsp;<span class=\"woocommerce-Price-currencySymbol\">&euro;<\/span><\/bdi><\/span><\/span>\n<\/a><a href=\"\/index.php?rest_route=%2Fwp%2Fv2%2Fpages%2F1957&#038;add-to-cart=1834\" aria-describedby=\"woocommerce_loop_add_to_cart_link_describedby_1834\" data-quantity=\"1\" class=\"button product_type_simple add_to_cart_button ajax_add_to_cart\" data-product_id=\"1834\" data-product_sku=\"\" aria-label=\"Dodaj u ko\u0161aricu: &quot;Heljdino bra\u0161no 1 kg&quot;\" rel=\"nofollow\" data-success_message=\"&quot;Heljdino bra\u0161no 1 kg&quot; je dodan u va\u0161u ko\u0161aricu\" role=\"button\">Dodaj u ko\u0161aricu<\/a>\t<span id=\"woocommerce_loop_add_to_cart_link_describedby_1834\" class=\"screen-reader-text\">\n\t\t\t<\/span>\n<\/li>\n<\/ul>\n<\/div><\/div>\n\t\t\t\t\t\t<\/div>\n\t\t\t\t<\/div>\n\t\t\t\t\t<\/div>\n\t\t\t\t<\/div>\n\t\t\t\t<\/div>\n\t\t","protected":false},"excerpt":{"rendered":"<p>Bu\u010dino bra\u0161no OPG-a Hara\u010di, proizvedeno od najkvalitetnijih bu\u010dinih ko\u0161tica iz Podravine, nutritivno je bogat dodatak va\u0161im jelima. Ovo bra\u0161no je odli\u010dan izvor proteina, vlakana i esencijalnih masnih kiselina, \u0161to ga \u010dini idealnim za zdravu prehranu. Njegov blag, ora\u0161asti okus savr\u0161eno se uklapa u razne recepte, od peciva i kola\u010da do smoothieja i juha. OPG Hara\u010di [&hellip;]<\/p>\n","protected":false},"author":1,"featured_media":0,"parent":0,"menu_order":0,"comment_status":"closed","ping_status":"closed","template":"","meta":{"site-sidebar-layout":"no-sidebar","site-content-layout":"page-builder","ast-site-content-layout":"full-width-container","site-content-style":"default","site-sidebar-style":"default","ast-global-header-display":"","ast-banner-title-visibility":"","ast-main-header-display":"","ast-hfb-above-header-display":"","ast-hfb-below-header-display":"","ast-hfb-mobile-header-display":"","site-post-title":"disabled","ast-breadcrumbs-content":"","ast-featured-img":"disabled","footer-sml-layout":"","ast-disable-related-posts":"","theme-transparent-header-meta":"","adv-header-id-meta":"","stick-header-meta":"","header-above-stick-meta":"","header-main-stick-meta":"","header-below-stick-meta":"","astra-migrate-meta-layouts":"set","ast-page-background-enabled":"default","ast-page-background-meta":{"desktop":{"background-color":"","background-image":"","background-repeat":"repeat","background-position":"center center","background-size":"auto","background-attachment":"scroll","background-type":"","background-media":"","overlay-type":"","overlay-color":"","overlay-opacity":"","overlay-gradient":""},"tablet":{"background-color":"","background-image":"","background-repeat":"repeat","background-position":"center center","background-size":"auto","background-attachment":"scroll","background-type":"","background-media":"","overlay-type":"","overlay-color":"","overlay-opacity":"","overlay-gradient":""},"mobile":{"background-color":"","background-image":"","background-repeat":"repeat","background-position":"center center","background-size":"auto","background-attachment":"scroll","background-type":"","background-media":"","overlay-type":"","overlay-color":"","overlay-opacity":"","overlay-gradient":""}},"ast-content-background-meta":{"desktop":{"background-color":"var(--ast-global-color-5)","background-image":"","background-repeat":"repeat","background-position":"center center","background-size":"auto","background-attachment":"scroll","background-type":"","background-media":"","overlay-type":"","overlay-color":"","overlay-opacity":"","overlay-gradient":""},"tablet":{"background-color":"var(--ast-global-color-5)","background-image":"","background-repeat":"repeat","background-position":"center center","background-size":"auto","background-attachment":"scroll","background-type":"","background-media":"","overlay-type":"","overlay-color":"","overlay-opacity":"","overlay-gradient":""},"mobile":{"background-color":"var(--ast-global-color-5)","background-image":"","background-repeat":"repeat","background-position":"center center","background-size":"auto","background-attachment":"scroll","background-type":"","background-media":"","overlay-type":"","overlay-color":"","overlay-opacity":"","overlay-gradient":""}},"footnotes":""},"class_list":["post-1957","page","type-page","status-publish","hentry"],"_links":{"self":[{"href":"https:\/\/opg-haraci.hr\/index.php?rest_route=\/wp\/v2\/pages\/1957","targetHints":{"allow":["GET"]}}],"collection":[{"href":"https:\/\/opg-haraci.hr\/index.php?rest_route=\/wp\/v2\/pages"}],"about":[{"href":"https:\/\/opg-haraci.hr\/index.php?rest_route=\/wp\/v2\/types\/page"}],"author":[{"embeddable":true,"href":"https:\/\/opg-haraci.hr\/index.php?rest_route=\/wp\/v2\/users\/1"}],"replies":[{"embeddable":true,"href":"https:\/\/opg-haraci.hr\/index.php?rest_route=%2Fwp%2Fv2%2Fcomments&post=1957"}],"version-history":[{"count":16,"href":"https:\/\/opg-haraci.hr\/index.php?rest_route=\/wp\/v2\/pages\/1957\/revisions"}],"predecessor-version":[{"id":2291,"href":"https:\/\/opg-haraci.hr\/index.php?rest_route=\/wp\/v2\/pages\/1957\/revisions\/2291"}],"wp:attachment":[{"href":"https:\/\/opg-haraci.hr\/index.php?rest_route=%2Fwp%2Fv2%2Fmedia&parent=1957"}],"curies":[{"name":"wp","href":"https:\/\/api.w.org\/{rel}","templated":true}]}}