{"id":1834,"date":"2024-06-11T12:01:44","date_gmt":"2024-06-11T12:01:44","guid":{"rendered":"https:\/\/opg-haraci.hr\/?post_type=product&#038;p=1834"},"modified":"2024-06-26T09:16:38","modified_gmt":"2024-06-26T09:16:38","slug":"heljdino-brasno-1-kg","status":"publish","type":"product","link":"https:\/\/opg-haraci.hr\/?product=heljdino-brasno-1-kg","title":{"rendered":"Heljdino bra\u0161no 1 kg"},"content":{"rendered":"<p>Heljdino bra\u0161no je bogato proteinima, vlaknima i esencijalnim mineralima poput magnezija, mangana i bakra, \u0161to ga \u010dini izuzetno hranjivim i pogodnim za zdravlje probavnog sustava. Zbog svog blagog, ora\u0161astog okusa, idealno je za pripremu pala\u010dinki, kruha, peciva i kola\u010da, posebno u bezglutenskim receptima. Tako\u0111er se mo\u017ee koristiti za zgu\u0161njavanje juha i umaka, pru\u017eaju\u0107i nutritivno bogatu alternativu p\u0161eni\u010dnom bra\u0161nu.<\/p>\n","protected":false},"excerpt":{"rendered":"<p>Na\u0161a heljda i bra\u0161no od heljde dolaze iz pa\u017eljivo odabranih i obra\u0111enih zrna, pru\u017eaju\u0107i vam zdravu i nutritivno bogatu opciju za pripremu raznih jela.<\/p>\n","protected":false},"featured_media":2304,"comment_status":"open","ping_status":"closed","template":"","meta":{"site-sidebar-layout":"default","site-content-layout":"","ast-site-content-layout":"default","site-content-style":"default","site-sidebar-style":"default","ast-global-header-display":"","ast-banner-title-visibility":"","ast-main-header-display":"","ast-hfb-above-header-display":"","ast-hfb-below-header-display":"","ast-hfb-mobile-header-display":"","site-post-title":"","ast-breadcrumbs-content":"","ast-featured-img":"","footer-sml-layout":"","ast-disable-related-posts":"","theme-transparent-header-meta":"default","adv-header-id-meta":"","stick-header-meta":"","header-above-stick-meta":"","header-main-stick-meta":"","header-below-stick-meta":"","astra-migrate-meta-layouts":"set","ast-page-background-enabled":"default","ast-page-background-meta":{"desktop":{"background-color":"","background-image":"","background-repeat":"repeat","background-position":"center center","background-size":"auto","background-attachment":"scroll","background-type":"","background-media":"","overlay-type":"","overlay-color":"","overlay-opacity":"","overlay-gradient":""},"tablet":{"background-color":"","background-image":"","background-repeat":"repeat","background-position":"center center","background-size":"auto","background-attachment":"scroll","background-type":"","background-media":"","overlay-type":"","overlay-color":"","overlay-opacity":"","overlay-gradient":""},"mobile":{"background-color":"","background-image":"","background-repeat":"repeat","background-position":"center center","background-size":"auto","background-attachment":"scroll","background-type":"","background-media":"","overlay-type":"","overlay-color":"","overlay-opacity":"","overlay-gradient":""}},"ast-content-background-meta":{"desktop":{"background-color":"var(--ast-global-color-5)","background-image":"","background-repeat":"repeat","background-position":"center center","background-size":"auto","background-attachment":"scroll","background-type":"","background-media":"","overlay-type":"","overlay-color":"","overlay-opacity":"","overlay-gradient":""},"tablet":{"background-color":"var(--ast-global-color-5)","background-image":"","background-repeat":"repeat","background-position":"center center","background-size":"auto","background-attachment":"scroll","background-type":"","background-media":"","overlay-type":"","overlay-color":"","overlay-opacity":"","overlay-gradient":""},"mobile":{"background-color":"var(--ast-global-color-5)","background-image":"","background-repeat":"repeat","background-position":"center center","background-size":"auto","background-attachment":"scroll","background-type":"","background-media":"","overlay-type":"","overlay-color":"","overlay-opacity":"","overlay-gradient":""}}},"product_brand":[],"product_cat":[26],"product_tag":[],"class_list":{"0":"post-1834","1":"product","2":"type-product","3":"status-publish","4":"has-post-thumbnail","6":"product_cat-brasno","7":"desktop-align-left","8":"tablet-align-left","9":"mobile-align-left","11":"first","12":"instock","13":"taxable","14":"shipping-taxable","15":"purchasable","16":"product-type-simple"},"_links":{"self":[{"href":"https:\/\/opg-haraci.hr\/index.php?rest_route=\/wp\/v2\/product\/1834","targetHints":{"allow":["GET"]}}],"collection":[{"href":"https:\/\/opg-haraci.hr\/index.php?rest_route=\/wp\/v2\/product"}],"about":[{"href":"https:\/\/opg-haraci.hr\/index.php?rest_route=\/wp\/v2\/types\/product"}],"replies":[{"embeddable":true,"href":"https:\/\/opg-haraci.hr\/index.php?rest_route=%2Fwp%2Fv2%2Fcomments&post=1834"}],"wp:featuredmedia":[{"embeddable":true,"href":"https:\/\/opg-haraci.hr\/index.php?rest_route=\/wp\/v2\/media\/2304"}],"wp:attachment":[{"href":"https:\/\/opg-haraci.hr\/index.php?rest_route=%2Fwp%2Fv2%2Fmedia&parent=1834"}],"wp:term":[{"taxonomy":"product_brand","embeddable":true,"href":"https:\/\/opg-haraci.hr\/index.php?rest_route=%2Fwp%2Fv2%2Fproduct_brand&post=1834"},{"taxonomy":"product_cat","embeddable":true,"href":"https:\/\/opg-haraci.hr\/index.php?rest_route=%2Fwp%2Fv2%2Fproduct_cat&post=1834"},{"taxonomy":"product_tag","embeddable":true,"href":"https:\/\/opg-haraci.hr\/index.php?rest_route=%2Fwp%2Fv2%2Fproduct_tag&post=1834"}],"curies":[{"name":"wp","href":"https:\/\/api.w.org\/{rel}","templated":true}]}}