{"id":1843,"date":"2024-06-11T12:13:58","date_gmt":"2024-06-11T12:13:58","guid":{"rendered":"https:\/\/opg-haraci.hr\/?post_type=product&#038;p=1843"},"modified":"2024-06-18T12:34:00","modified_gmt":"2024-06-18T12:34:00","slug":"bucine-kostice-natur-200g","status":"publish","type":"product","link":"https:\/\/opg-haraci.hr\/?product=bucine-kostice-natur-200g","title":{"rendered":"Bu\u010dine ko\u0161tice natur 200g"},"content":{"rendered":"<p>Na\u0161e bu\u010dine ko\u0161tice natur u pakiranju od 200g nude prirodan, \u010dist okus bu\u010dinih sjemenki, bez ikakvih dodataka. Bogate su proteinima, vlaknima i esencijalnim mastima, pru\u017eaju\u0107i visokovrijednu nutritivnu u\u017einu. Idealne su za dodavanje u salate, pe\u010denja ili jednostavno kao zdravi snack.<\/p>\n","protected":false},"excerpt":{"rendered":"<p>Bu\u010dine ko\u0161tice natur 200g pru\u017eaju \u010dist, prirodan okus bu\u010dinih sjemenki.<\/p>\n","protected":false},"featured_media":2045,"comment_status":"open","ping_status":"closed","template":"","meta":{"site-sidebar-layout":"default","site-content-layout":"","ast-site-content-layout":"default","site-content-style":"default","site-sidebar-style":"default","ast-global-header-display":"","ast-banner-title-visibility":"","ast-main-header-display":"","ast-hfb-above-header-display":"","ast-hfb-below-header-display":"","ast-hfb-mobile-header-display":"","site-post-title":"","ast-breadcrumbs-content":"","ast-featured-img":"","footer-sml-layout":"","ast-disable-related-posts":"","theme-transparent-header-meta":"default","adv-header-id-meta":"","stick-header-meta":"","header-above-stick-meta":"","header-main-stick-meta":"","header-below-stick-meta":"","astra-migrate-meta-layouts":"set","ast-page-background-enabled":"default","ast-page-background-meta":{"desktop":{"background-color":"","background-image":"","background-repeat":"repeat","background-position":"center center","background-size":"auto","background-attachment":"scroll","background-type":"","background-media":"","overlay-type":"","overlay-color":"","overlay-opacity":"","overlay-gradient":""},"tablet":{"background-color":"","background-image":"","background-repeat":"repeat","background-position":"center center","background-size":"auto","background-attachment":"scroll","background-type":"","background-media":"","overlay-type":"","overlay-color":"","overlay-opacity":"","overlay-gradient":""},"mobile":{"background-color":"","background-image":"","background-repeat":"repeat","background-position":"center center","background-size":"auto","background-attachment":"scroll","background-type":"","background-media":"","overlay-type":"","overlay-color":"","overlay-opacity":"","overlay-gradient":""}},"ast-content-background-meta":{"desktop":{"background-color":"var(--ast-global-color-5)","background-image":"","background-repeat":"repeat","background-position":"center center","background-size":"auto","background-attachment":"scroll","background-type":"","background-media":"","overlay-type":"","overlay-color":"","overlay-opacity":"","overlay-gradient":""},"tablet":{"background-color":"var(--ast-global-color-5)","background-image":"","background-repeat":"repeat","background-position":"center center","background-size":"auto","background-attachment":"scroll","background-type":"","background-media":"","overlay-type":"","overlay-color":"","overlay-opacity":"","overlay-gradient":""},"mobile":{"background-color":"var(--ast-global-color-5)","background-image":"","background-repeat":"repeat","background-position":"center center","background-size":"auto","background-attachment":"scroll","background-type":"","background-media":"","overlay-type":"","overlay-color":"","overlay-opacity":"","overlay-gradient":""}}},"product_brand":[],"product_cat":[25],"product_tag":[],"class_list":{"0":"post-1843","1":"product","2":"type-product","3":"status-publish","4":"has-post-thumbnail","6":"product_cat-kostice","7":"desktop-align-left","8":"tablet-align-left","9":"mobile-align-left","11":"first","12":"instock","13":"taxable","14":"shipping-taxable","15":"purchasable","16":"product-type-simple"},"_links":{"self":[{"href":"https:\/\/opg-haraci.hr\/index.php?rest_route=\/wp\/v2\/product\/1843","targetHints":{"allow":["GET"]}}],"collection":[{"href":"https:\/\/opg-haraci.hr\/index.php?rest_route=\/wp\/v2\/product"}],"about":[{"href":"https:\/\/opg-haraci.hr\/index.php?rest_route=\/wp\/v2\/types\/product"}],"replies":[{"embeddable":true,"href":"https:\/\/opg-haraci.hr\/index.php?rest_route=%2Fwp%2Fv2%2Fcomments&post=1843"}],"wp:featuredmedia":[{"embeddable":true,"href":"https:\/\/opg-haraci.hr\/index.php?rest_route=\/wp\/v2\/media\/2045"}],"wp:attachment":[{"href":"https:\/\/opg-haraci.hr\/index.php?rest_route=%2Fwp%2Fv2%2Fmedia&parent=1843"}],"wp:term":[{"taxonomy":"product_brand","embeddable":true,"href":"https:\/\/opg-haraci.hr\/index.php?rest_route=%2Fwp%2Fv2%2Fproduct_brand&post=1843"},{"taxonomy":"product_cat","embeddable":true,"href":"https:\/\/opg-haraci.hr\/index.php?rest_route=%2Fwp%2Fv2%2Fproduct_cat&post=1843"},{"taxonomy":"product_tag","embeddable":true,"href":"https:\/\/opg-haraci.hr\/index.php?rest_route=%2Fwp%2Fv2%2Fproduct_tag&post=1843"}],"curies":[{"name":"wp","href":"https:\/\/api.w.org\/{rel}","templated":true}]}}