{"id":2051,"date":"2024-06-18T12:41:26","date_gmt":"2024-06-18T12:41:26","guid":{"rendered":"https:\/\/opg-haraci.hr\/?post_type=product&#038;p=2051"},"modified":"2024-09-23T07:14:36","modified_gmt":"2024-09-23T07:14:36","slug":"suncokretovo-100-nerafinirano-ulje-1-l","status":"publish","type":"product","link":"https:\/\/opg-haraci.hr\/?product=suncokretovo-100-nerafinirano-ulje-1-l","title":{"rendered":"Suncokretovo 100% nerafinirano ulje 1 l"},"content":{"rendered":"<p>Na\u0161e 100% nerafinirano suncokretovo hladno pre\u0161ano ulje, proizvedeno bez upotrebe kemikalija i visoke temperature, zadr\u017eava sve svoje prirodne hranjive sastojke. Ovo ulje je bogato vitaminom E, antioksidansima i esencijalnim masnim kiselinama koje podr\u017eavaju zdravlje srca i ko\u017ee. Njegov blag, ora\u0161asti okus idealan je za za\u010dinjavanje salata, pripremu umaka, pe\u010denje i kuhanje, dodaju\u0107i prirodnu i zdravu komponentu va\u0161im obrocima. Na\u0161a metoda hladnog pre\u0161anja osigurava maksimalnu nutritivnu vrijednost, \u010dine\u0107i ovo ulje izvrsnim izborom za one koji tra\u017ee kvalitetu i zdravlje u svojoj prehrani.<\/p>\n","protected":false},"excerpt":{"rendered":"<p>100% nerafinirano suncokretovo hladno pre\u0161ano ulje, bogato vitaminom E i esencijalnim masnim kiselinama, savr\u0161eno za zdravu kuhinju.<\/p>\n","protected":false},"featured_media":2036,"comment_status":"open","ping_status":"closed","template":"","meta":{"site-sidebar-layout":"default","site-content-layout":"","ast-site-content-layout":"default","site-content-style":"default","site-sidebar-style":"default","ast-global-header-display":"","ast-banner-title-visibility":"","ast-main-header-display":"","ast-hfb-above-header-display":"","ast-hfb-below-header-display":"","ast-hfb-mobile-header-display":"","site-post-title":"","ast-breadcrumbs-content":"","ast-featured-img":"","footer-sml-layout":"","ast-disable-related-posts":"","theme-transparent-header-meta":"default","adv-header-id-meta":"","stick-header-meta":"","header-above-stick-meta":"","header-main-stick-meta":"","header-below-stick-meta":"","astra-migrate-meta-layouts":"set","ast-page-background-enabled":"default","ast-page-background-meta":{"desktop":{"background-color":"","background-image":"","background-repeat":"repeat","background-position":"center center","background-size":"auto","background-attachment":"scroll","background-type":"","background-media":"","overlay-type":"","overlay-color":"","overlay-opacity":"","overlay-gradient":""},"tablet":{"background-color":"","background-image":"","background-repeat":"repeat","background-position":"center center","background-size":"auto","background-attachment":"scroll","background-type":"","background-media":"","overlay-type":"","overlay-color":"","overlay-opacity":"","overlay-gradient":""},"mobile":{"background-color":"","background-image":"","background-repeat":"repeat","background-position":"center center","background-size":"auto","background-attachment":"scroll","background-type":"","background-media":"","overlay-type":"","overlay-color":"","overlay-opacity":"","overlay-gradient":""}},"ast-content-background-meta":{"desktop":{"background-color":"var(--ast-global-color-5)","background-image":"","background-repeat":"repeat","background-position":"center center","background-size":"auto","background-attachment":"scroll","background-type":"","background-media":"","overlay-type":"","overlay-color":"","overlay-opacity":"","overlay-gradient":""},"tablet":{"background-color":"var(--ast-global-color-5)","background-image":"","background-repeat":"repeat","background-position":"center center","background-size":"auto","background-attachment":"scroll","background-type":"","background-media":"","overlay-type":"","overlay-color":"","overlay-opacity":"","overlay-gradient":""},"mobile":{"background-color":"var(--ast-global-color-5)","background-image":"","background-repeat":"repeat","background-position":"center center","background-size":"auto","background-attachment":"scroll","background-type":"","background-media":"","overlay-type":"","overlay-color":"","overlay-opacity":"","overlay-gradient":""}}},"product_brand":[],"product_cat":[24],"product_tag":[],"class_list":{"0":"post-2051","1":"product","2":"type-product","3":"status-publish","4":"has-post-thumbnail","6":"product_cat-ulje","7":"desktop-align-left","8":"tablet-align-left","9":"mobile-align-left","11":"first","12":"instock","13":"taxable","14":"shipping-taxable","15":"purchasable","16":"product-type-simple"},"_links":{"self":[{"href":"https:\/\/opg-haraci.hr\/index.php?rest_route=\/wp\/v2\/product\/2051","targetHints":{"allow":["GET"]}}],"collection":[{"href":"https:\/\/opg-haraci.hr\/index.php?rest_route=\/wp\/v2\/product"}],"about":[{"href":"https:\/\/opg-haraci.hr\/index.php?rest_route=\/wp\/v2\/types\/product"}],"replies":[{"embeddable":true,"href":"https:\/\/opg-haraci.hr\/index.php?rest_route=%2Fwp%2Fv2%2Fcomments&post=2051"}],"wp:featuredmedia":[{"embeddable":true,"href":"https:\/\/opg-haraci.hr\/index.php?rest_route=\/wp\/v2\/media\/2036"}],"wp:attachment":[{"href":"https:\/\/opg-haraci.hr\/index.php?rest_route=%2Fwp%2Fv2%2Fmedia&parent=2051"}],"wp:term":[{"taxonomy":"product_brand","embeddable":true,"href":"https:\/\/opg-haraci.hr\/index.php?rest_route=%2Fwp%2Fv2%2Fproduct_brand&post=2051"},{"taxonomy":"product_cat","embeddable":true,"href":"https:\/\/opg-haraci.hr\/index.php?rest_route=%2Fwp%2Fv2%2Fproduct_cat&post=2051"},{"taxonomy":"product_tag","embeddable":true,"href":"https:\/\/opg-haraci.hr\/index.php?rest_route=%2Fwp%2Fv2%2Fproduct_tag&post=2051"}],"curies":[{"name":"wp","href":"https:\/\/api.w.org\/{rel}","templated":true}]}}